{"id":11,"date":"2024-01-07T19:47:08","date_gmt":"2024-01-07T18:47:08","guid":{"rendered":"https:\/\/tropicalnursery.com.co\/?page_id=11"},"modified":"2025-09-10T09:03:20","modified_gmt":"2025-09-10T14:03:20","slug":"acerca-de-nosotros","status":"publish","type":"page","link":"https:\/\/tropicalnursery.com.co\/index.php\/acerca-de-nosotros\/","title":{"rendered":"Acerca de nosotros"},"content":{"rendered":"<p>[et_pb_section fb_built=\u00bb1&#8243; admin_label=\u00bbHeader\u00bb _builder_version=\u00bb4.23.4&#8243; background_color=\u00bb#fedf02&#8243; background_image=\u00bbhttps:\/\/tropicalnursery.com.co\/wp-content\/uploads\/2024\/01\/Imegen-Presntacion-Syngentia-02.png\u00bb background_size=\u00bbcontain\u00bb background_position=\u00bbcenter_right\u00bb overflow-x=\u00bbhidden\u00bb overflow-y=\u00bbhidden\u00bb custom_padding=\u00bb0px||0px||true|false\u00bb da_disable_devices=\u00bboff|off|off\u00bb global_colors_info=\u00bb{}\u00bb da_is_popup=\u00bboff\u00bb da_exit_intent=\u00bboff\u00bb da_has_close=\u00bbon\u00bb da_alt_close=\u00bboff\u00bb da_dark_close=\u00bboff\u00bb da_not_modal=\u00bbon\u00bb da_is_singular=\u00bboff\u00bb da_with_loader=\u00bboff\u00bb da_has_shadow=\u00bbon\u00bb][et_pb_row column_structure=\u00bb3_5,2_5&#8243; make_equal=\u00bbon\u00bb _builder_version=\u00bb4.23.4&#8243; width_tablet=\u00bb100%\u00bb width_phone=\u00bb\u00bb width_last_edited=\u00bbon|tablet\u00bb custom_padding=\u00bb0px||0px||true|false\u00bb box_shadow_style=\u00bbpreset4&#8243; box_shadow_horizontal=\u00bb-30vw\u00bb box_shadow_vertical=\u00bb0px\u00bb box_shadow_color=\u00bb#687b32&#8243; box_shadow_horizontal_tablet=\u00bb0vw\u00bb box_shadow_horizontal_phone=\u00bb\u00bb box_shadow_horizontal_last_edited=\u00bbon|desktop\u00bb global_colors_info=\u00bb{}\u00bb][et_pb_column type=\u00bb3_5&#8243; _builder_version=\u00bb4.23.4&#8243; background_color=\u00bb#493e2a\u00bb custom_padding=\u00bb30vh|30px|30vh||true|false\u00bb custom_padding_tablet=\u00bb10%|10%|10%|10%|true|true\u00bb custom_padding_phone=\u00bb||||false|true\u00bb custom_padding_last_edited=\u00bbon|phone\u00bb background_last_edited=\u00bbon|tablet\u00bb background_enable_color_tablet=\u00bboff\u00bb global_colors_info=\u00bb{}\u00bb][et_pb_image src=\u00bbhttps:\/\/tropicalnursery.com.co\/wp-content\/uploads\/2024\/01\/spice-shop-07.png\u00bb _builder_version=\u00bb4.23.4&#8243; custom_margin=\u00bb50px|||20px|false|false\u00bb custom_margin_tablet=\u00bb0px||||false|false\u00bb custom_margin_phone=\u00bb\u00bb custom_margin_last_edited=\u00bbon|tablet\u00bb locked=\u00bboff\u00bb global_colors_info=\u00bb{}\u00bb][\/et_pb_image][et_pb_text _builder_version=\u00bb4.23.4&#8243; header_font=\u00bbMontserrat|800|||||||\u00bb header_font_size=\u00bb50px\u00bb header_line_height=\u00bb1.2em\u00bb background_layout=\u00bbdark\u00bb custom_margin=\u00bb|||20px|false|false\u00bb custom_margin_tablet=\u00bb|||80px|false|false\u00bb custom_margin_phone=\u00bb|||20px|false|false\u00bb custom_margin_last_edited=\u00bbon|desktop\u00bb header_font_size_tablet=\u00bb40px\u00bb header_font_size_phone=\u00bb25px\u00bb header_font_size_last_edited=\u00bbon|phone\u00bb header_text_shadow_style=\u00bbpreset2&#8243; global_colors_info=\u00bb{}\u00bb]<\/p>\n<h1>Acerca de nosotros<\/h1>\n<p>[\/et_pb_text][et_pb_button button_url=\u00bbhttps:\/\/api.whatsapp.com\/send\/?phone=573244123247&#038;text=Hola+Tropical+Nursery%2C+necesito+m%C3%A1s+informaci%C3%B3n.&#038;type=phone_number&#038;app_absent=0&#8243; button_text=\u00bbCont\u00e1ctanos\u00bb button_alignment_tablet=\u00bbcenter\u00bb button_alignment_phone=\u00bbcenter\u00bb button_alignment_last_edited=\u00bbon|tablet\u00bb _builder_version=\u00bb4.24.0&#8243; custom_button=\u00bbon\u00bb button_text_size=\u00bb16px\u00bb button_text_color=\u00bb#ffffff\u00bb button_bg_color=\u00bbrgba(255,255,255,0.1)\u00bb button_border_width=\u00bb0px\u00bb button_border_radius=\u00bb0px\u00bb button_letter_spacing=\u00bb2px\u00bb button_font=\u00bb|700||on|||||\u00bb button_use_icon=\u00bboff\u00bb custom_margin=\u00bb30px|||20px|false|false\u00bb custom_margin_tablet=\u00bb30px|||20px|false|false\u00bb custom_margin_phone=\u00bb30px|||20px|false|false\u00bb custom_margin_last_edited=\u00bbon|desktop\u00bb custom_padding=\u00bb10px|20px|10px|20px|true|true\u00bb hover_enabled=\u00bb0&#8243; button_text_color_tablet=\u00bb#000000&#8243; button_text_color_phone=\u00bb#000000&#8243; button_text_color_last_edited=\u00bbon|phone\u00bb button_bg_color_tablet=\u00bb#ffffff\u00bb button_bg_color_phone=\u00bb#ffffff\u00bb button_bg_color_last_edited=\u00bbon|tablet\u00bb button_bg_enable_color_tablet=\u00bbon\u00bb locked=\u00bboff\u00bb global_colors_info=\u00bb{}\u00bb button_text_color__hover_enabled=\u00bbon|desktop\u00bb button_text_color__hover=\u00bb#28221d\u00bb button_bg_color__hover_enabled=\u00bbon|desktop\u00bb button_bg_color__hover=\u00bb#ffffff\u00bb button_bg_enable_color__hover=\u00bbon\u00bb sticky_enabled=\u00bb0&#8243;][\/et_pb_button][\/et_pb_column][et_pb_column type=\u00bb2_5&#8243; _builder_version=\u00bb4.23.4&#8243; custom_padding=\u00bb20%|0px|20%||true|false\u00bb custom_padding_tablet=\u00bb|10%||10%|false|true\u00bb custom_padding_phone=\u00bb||||false|false\u00bb custom_padding_last_edited=\u00bbon|phone\u00bb global_colors_info=\u00bb{}\u00bb][\/et_pb_column][\/et_pb_row][\/et_pb_section][et_pb_section fb_built=\u00bb1&#8243; admin_label=\u00bbAbout\u00bb _builder_version=\u00bb4.24.0&#8243; background_color=\u00bbrgba(243,243,241,0.86)\u00bb background_enable_image=\u00bboff\u00bb background_blend=\u00bbscreen\u00bb custom_margin=\u00bb||||false|false\u00bb custom_padding=\u00bb10vw||5px||false|false\u00bb da_disable_devices=\u00bboff|off|off\u00bb locked=\u00bboff\u00bb global_colors_info=\u00bb{}\u00bb da_is_popup=\u00bboff\u00bb da_exit_intent=\u00bboff\u00bb da_has_close=\u00bbon\u00bb da_alt_close=\u00bboff\u00bb da_dark_close=\u00bboff\u00bb da_not_modal=\u00bbon\u00bb da_is_singular=\u00bboff\u00bb da_with_loader=\u00bboff\u00bb da_has_shadow=\u00bbon\u00bb][et_pb_row _builder_version=\u00bb4.16&#8243; locked=\u00bboff\u00bb global_colors_info=\u00bb{}\u00bb][et_pb_column type=\u00bb4_4&#8243; _builder_version=\u00bb4.16&#8243; global_colors_info=\u00bb{}\u00bb][et_pb_text _builder_version=\u00bb4.23.4&#8243; text_font_size=\u00bb17px\u00bb text_line_height=\u00bb2.2em\u00bb header_2_font=\u00bbMontserrat|800|||||||\u00bb header_2_text_color=\u00bb#000000&#8243; header_2_font_size=\u00bb50px\u00bb header_2_line_height=\u00bb1.2em\u00bb z_index=\u00bb2&#8243; text_orientation=\u00bbcenter\u00bb max_width=\u00bb700px\u00bb module_alignment=\u00bbcenter\u00bb text_font_size_tablet=\u00bb14px\u00bb text_font_size_phone=\u00bb\u00bb text_font_size_last_edited=\u00bbon|phone\u00bb header_2_font_size_tablet=\u00bb35px\u00bb header_2_font_size_phone=\u00bb25px\u00bb header_2_font_size_last_edited=\u00bbon|phone\u00bb global_colors_info=\u00bb{}\u00bb]<\/p>\n<h2>\u00bfQUI\u00c9NES SOMOS?<\/h2>\n<p>TROPICAL NURSERY es una destacada empresa l\u00edder en la comercializaci\u00f3n de hortalizas tropicales de alta tecnolog\u00eda. Como expertos en el campo, nos dedicamos apasionadamente a ofrecer una amplia variedad de productos hort\u00edcolas exquisitos y saludables que florecen en las diferentes zonas agroecol\u00f3gicas de Colombia.<\/p>\n<p>Nuestra empresa cuenta con un equipo de especialistas que se distingue por la dedicaci\u00f3n y conocimiento en las t\u00e9cnicas de producci\u00f3n y desarrollo a lo largo de los a\u00f1os. Con un enfoque centrado en la calidad, nos esforzamos por garantizar que nuestras semillas de hortalizas tropicales cumplan con los m\u00e1s altos est\u00e1ndares, desde su selecci\u00f3n y cultivo hasta su distribuci\u00f3n final.<\/p>\n<p>Adem\u00e1s, estamos constantemente comprometidos con la implementaci\u00f3n de tecnolog\u00edas innovadoras en el rendimiento y la sostenibilidad que exige el mercado agr\u00f3nomo. En Tropical Nursery, nos enorgullece ofrecer a nuestros clientes productos de alta calidad, con el objetivo de llevar la riqueza de la agricultura tropical en toda Colombia<\/p>\n<p>[\/et_pb_text][\/et_pb_column][\/et_pb_row][et_pb_row _builder_version=\u00bb4.16&#8243; locked=\u00bboff\u00bb global_colors_info=\u00bb{}\u00bb][et_pb_column type=\u00bb4_4&#8243; _builder_version=\u00bb4.16&#8243; global_colors_info=\u00bb{}\u00bb][et_pb_image src=\u00bbhttps:\/\/tropicalnursery.com.co\/wp-content\/uploads\/2024\/01\/LOGO-SYNGENTA-01.png\u00bb title_text=\u00bbLOGO SYNGENTA-01&#8243; align=\u00bbcenter\u00bb _builder_version=\u00bb4.23.4&#8243; _module_preset=\u00bbdefault\u00bb width=\u00bb60%\u00bb width_tablet=\u00bb60%\u00bb width_phone=\u00bb60%\u00bb width_last_edited=\u00bbon|desktop\u00bb animation_style=\u00bbfade\u00bb global_colors_info=\u00bb{}\u00bb][\/et_pb_image][et_pb_text _builder_version=\u00bb4.23.4&#8243; _module_preset=\u00bbdefault\u00bb text_font_size=\u00bb17px\u00bb text_line_height=\u00bb2.2em\u00bb header_2_font=\u00bbMontserrat|800|||||||\u00bb header_2_text_color=\u00bb#000000&#8243; header_2_font_size=\u00bb50px\u00bb header_2_line_height=\u00bb1.2em\u00bb z_index=\u00bb2&#8243; text_orientation=\u00bbcenter\u00bb max_width=\u00bb700px\u00bb module_alignment=\u00bbcenter\u00bb text_font_size_tablet=\u00bb14px\u00bb text_font_size_phone=\u00bb14px\u00bb text_font_size_last_edited=\u00bbon|phone\u00bb header_2_font_size_tablet=\u00bb35px\u00bb header_2_font_size_phone=\u00bb25px\u00bb header_2_font_size_last_edited=\u00bbon|phone\u00bb global_colors_info=\u00bb{}\u00bb]<\/p>\n<p><span>Tropical Nursery SAS se complace en anunciar con orgullo que hemos sido designados como el nuevo distribuidor oficial en Colombia de la prestigiosa Semillas de Vegetales Syngenta.<\/span><\/p>\n<p><span> Prep\u00e1rate para cultivar con confianza y calidad, ya que ahora tendr\u00e1s acceso directo a la excelencia en semillas de hortalizas y frutales. Te invitamos a unirte a nuestra comunidad de agricultores y disfrutar de los frutos de una siembra excepcional.<\/span><\/p>\n<p><span> \u00a1Estamos emocionados por este nuevo cap\u00edtulo y esperamos seguir creciendo juntos!<\/span><\/p>\n<p>[\/et_pb_text][et_pb_text _builder_version=\u00bb4.23.4&#8243; _module_preset=\u00bbdefault\u00bb text_font_size=\u00bb17px\u00bb text_line_height=\u00bb2.2em\u00bb header_font=\u00bb|700||on|||||\u00bb header_font_size=\u00bb26px\u00bb header_2_font=\u00bbMontserrat|800|||||||\u00bb header_2_text_color=\u00bb#000000&#8243; header_2_font_size=\u00bb50px\u00bb header_2_line_height=\u00bb1.2em\u00bb z_index=\u00bb2&#8243; text_orientation=\u00bbcenter\u00bb max_width=\u00bb700px\u00bb module_alignment=\u00bbcenter\u00bb text_font_size_tablet=\u00bb14px\u00bb text_font_size_phone=\u00bb14px\u00bb text_font_size_last_edited=\u00bbon|phone\u00bb header_2_font_size_tablet=\u00bb25px\u00bb header_2_font_size_phone=\u00bb22px\u00bb header_2_font_size_last_edited=\u00bbon|tablet\u00bb global_colors_info=\u00bb{}\u00bb]<\/p>\n<h2>\u00bfPOR QU\u00c9 SYNGENTA SEMILLAS VEGETALES?<\/h2>\n<p>Los productores en el centro de todo Calidad y experiencia inigualable Valor\u00a0genuino a trav\u00e9s de la innovaci\u00f3n Marcando una diferencia en el mundo real Syngenta, con m\u00e1s de 150 a\u00f1os de antig\u00fcedad, fue una de las primeras empresas en desarrollar variedades de hortalizas. Hoy en d\u00eda hay muchos productores y distribuidores entre los que elegir, entonces, \u00bfpor qu\u00e9 los productores deber\u00edan seguir confiando en nosotros?<\/p>\n<p>Hay cuatro razones clave para creer en Syngenta Vegetales Semillas.<\/p>\n<p>[\/et_pb_text][et_pb_text _builder_version=\u00bb4.23.4&#8243; _module_preset=\u00bbdefault\u00bb text_font_size=\u00bb17px\u00bb text_line_height=\u00bb2.2em\u00bb header_font=\u00bb|700||on|||||\u00bb header_font_size=\u00bb26px\u00bb header_2_font=\u00bbMontserrat|800|||||||\u00bb header_2_text_color=\u00bb#000000&#8243; header_2_font_size=\u00bb50px\u00bb header_2_line_height=\u00bb1.2em\u00bb z_index=\u00bb2&#8243; text_orientation=\u00bbcenter\u00bb max_width=\u00bb700px\u00bb module_alignment=\u00bbcenter\u00bb text_font_size_tablet=\u00bb14px\u00bb text_font_size_phone=\u00bb14px\u00bb text_font_size_last_edited=\u00bbon|phone\u00bb header_font_size_tablet=\u00bb25px\u00bb header_font_size_phone=\u00bb20px\u00bb header_font_size_last_edited=\u00bbon|tablet\u00bb header_2_font_size_tablet=\u00bb35px\u00bb header_2_font_size_phone=\u00bb25px\u00bb header_2_font_size_last_edited=\u00bbon|phone\u00bb global_colors_info=\u00bb{}\u00bb]<\/p>\n<h1>Los productores en el centro de todo<\/h1>\n<p>Las asociaciones estrechas y el di\u00e1logo a nivel local nos permiten desarrollar soluciones teniendo en cuenta las prioridades de los productores.<\/p>\n<p>[\/et_pb_text][et_pb_text _builder_version=\u00bb4.23.4&#8243; _module_preset=\u00bbdefault\u00bb text_font_size=\u00bb17px\u00bb text_line_height=\u00bb2.2em\u00bb header_font=\u00bb|700||on|||||\u00bb header_font_size=\u00bb26px\u00bb header_2_font=\u00bbMontserrat|800|||||||\u00bb header_2_text_color=\u00bb#000000&#8243; header_2_font_size=\u00bb50px\u00bb header_2_line_height=\u00bb1.2em\u00bb z_index=\u00bb2&#8243; text_orientation=\u00bbcenter\u00bb max_width=\u00bb700px\u00bb module_alignment=\u00bbcenter\u00bb text_font_size_tablet=\u00bb14px\u00bb text_font_size_phone=\u00bb14px\u00bb text_font_size_last_edited=\u00bbon|phone\u00bb header_font_size_tablet=\u00bb25px\u00bb header_font_size_phone=\u00bb20px\u00bb header_font_size_last_edited=\u00bbon|tablet\u00bb header_2_font_size_tablet=\u00bb35px\u00bb header_2_font_size_phone=\u00bb25px\u00bb header_2_font_size_last_edited=\u00bbon|phone\u00bb global_colors_info=\u00bb{}\u00bb]<\/p>\n<h1>Calidad y experiencia inigualables<\/h1>\n<p>Un equipo global de 2300 empleados dedicados a la b\u00fasqueda de productos de alto rendimiento, alto rendimiento y los mejores de su clase.<\/p>\n<p>[\/et_pb_text][et_pb_text _builder_version=\u00bb4.23.4&#8243; _module_preset=\u00bbdefault\u00bb text_font_size=\u00bb17px\u00bb text_line_height=\u00bb2.2em\u00bb header_font=\u00bb|700||on|||||\u00bb header_font_size=\u00bb26px\u00bb header_2_font=\u00bbMontserrat|800|||||||\u00bb header_2_text_color=\u00bb#000000&#8243; header_2_font_size=\u00bb50px\u00bb header_2_line_height=\u00bb1.2em\u00bb z_index=\u00bb2&#8243; text_orientation=\u00bbcenter\u00bb max_width=\u00bb700px\u00bb module_alignment=\u00bbcenter\u00bb text_font_size_tablet=\u00bb14px\u00bb text_font_size_phone=\u00bb14px\u00bb text_font_size_last_edited=\u00bbon|phone\u00bb header_font_size_tablet=\u00bb25px\u00bb header_font_size_phone=\u00bb20px\u00bb header_font_size_last_edited=\u00bbon|tablet\u00bb header_2_font_size_tablet=\u00bb35px\u00bb header_2_font_size_phone=\u00bb25px\u00bb header_2_font_size_last_edited=\u00bbon|phone\u00bb global_colors_info=\u00bb{}\u00bb]<\/p>\n<h1>Valor genuino a trav\u00e9s de la innovaci\u00f3n<\/h1>\n<p>La investigaci\u00f3n y el desarrollo de primer nivel trae nuevas variedades al mercado, sigue el ritmo de los clientes y enfrenta condiciones clim\u00e1ticas cada vez m\u00e1s desafiantes.<\/p>\n<p>[\/et_pb_text][et_pb_text _builder_version=\u00bb4.23.4&#8243; _module_preset=\u00bbdefault\u00bb text_font_size=\u00bb17px\u00bb text_line_height=\u00bb2.2em\u00bb header_font=\u00bb|700||on|||||\u00bb header_font_size=\u00bb26px\u00bb header_2_font=\u00bbMontserrat|800|||||||\u00bb header_2_text_color=\u00bb#000000&#8243; header_2_font_size=\u00bb50px\u00bb header_2_line_height=\u00bb1.2em\u00bb z_index=\u00bb2&#8243; text_orientation=\u00bbcenter\u00bb max_width=\u00bb700px\u00bb module_alignment=\u00bbcenter\u00bb text_font_size_tablet=\u00bb14px\u00bb text_font_size_phone=\u00bb14px\u00bb text_font_size_last_edited=\u00bbon|phone\u00bb header_font_size_tablet=\u00bb25px\u00bb header_font_size_phone=\u00bb20px\u00bb header_font_size_last_edited=\u00bbon|tablet\u00bb header_2_font_size_tablet=\u00bb35px\u00bb header_2_font_size_phone=\u00bb25px\u00bb header_2_font_size_last_edited=\u00bbon|phone\u00bb global_colors_info=\u00bb{}\u00bb]<\/p>\n<h1>Marcando una diferencia en el mundo real<\/h1>\n<p>Nuestro trabajo transforma la forma en que se cultivan los cultivos, permitiendo a los productores de todo el mundo hacer un mejor uso de los recursos de manera sostenible y responsable.<\/p>\n<p>[\/et_pb_text][\/et_pb_column][\/et_pb_row][\/et_pb_section][et_pb_section fb_built=\u00bb1&#8243; admin_label=\u00bbFooter\u00bb _builder_version=\u00bb4.23.4&#8243; background_enable_color=\u00bboff\u00bb use_background_color_gradient=\u00bbon\u00bb background_color_gradient_direction=\u00bb42deg\u00bb background_color_gradient_stops=\u00bb#fedf02 30%|rgba(255,255,255,0) 30%\u00bb background_image=\u00bbhttps:\/\/tropicalnursery.com.co\/wp-content\/uploads\/2024\/01\/verduras-saludables-mesa-madera-01.png\u00bb background_blend=\u00bbscreen\u00bb custom_margin=\u00bb||||false|false\u00bb custom_padding=\u00bb0px||0px||true|false\u00bb da_disable_devices=\u00bboff|off|off\u00bb global_module=\u00bb237&#8243; locked=\u00bboff\u00bb global_colors_info=\u00bb{}\u00bb da_is_popup=\u00bboff\u00bb da_exit_intent=\u00bboff\u00bb da_has_close=\u00bbon\u00bb da_alt_close=\u00bboff\u00bb da_dark_close=\u00bboff\u00bb da_not_modal=\u00bbon\u00bb da_is_singular=\u00bboff\u00bb da_with_loader=\u00bboff\u00bb da_has_shadow=\u00bbon\u00bb][et_pb_row column_structure=\u00bb3_5,2_5&#8243; _builder_version=\u00bb4.23.4&#8243; global_colors_info=\u00bb{}\u00bb][et_pb_column type=\u00bb3_5&#8243; _builder_version=\u00bb4.23.4&#8243; background_color=\u00bb#ffffff\u00bb custom_padding=\u00bb0px|60px|35px|60px|false|true\u00bb custom_padding_tablet=\u00bb50px|30px|50px|30px|true|true\u00bb custom_padding_phone=\u00bb30px|20px|30px|20px|true|true\u00bb custom_padding_last_edited=\u00bbon|tablet\u00bb global_colors_info=\u00bb{}\u00bb][et_pb_image src=\u00bbhttps:\/\/tropicalnursery.com.co\/wp-content\/uploads\/2024\/01\/LOGO-TROPICAL-NURSERY-HORIZONTAL-FONDO-BLANCO.png\u00bb title_text=\u00bbLOGO TROPICAL NURSERY HORIZONTAL FONDO BLANCO\u00bb align=\u00bbcenter\u00bb _builder_version=\u00bb4.23.4&#8243; _module_preset=\u00bbdefault\u00bb global_colors_info=\u00bb{}\u00bb][\/et_pb_image][et_pb_text _builder_version=\u00bb4.23.4&#8243; text_font=\u00bbMontserrat|800|||||||\u00bb text_font_size=\u00bb20px\u00bb text_line_height=\u00bb1.2em\u00bb link_text_color=\u00bb#000000&#8243; header_3_font=\u00bb|700||on|||||\u00bb header_3_text_color=\u00bb#687b32&#8243; header_3_font_size=\u00bb16px\u00bb header_3_letter_spacing=\u00bb2px\u00bb header_3_line_height=\u00bb1.8em\u00bb custom_padding=\u00bb10px||10px||true|false\u00bb text_font_size_tablet=\u00bb22px\u00bb text_font_size_phone=\u00bb16px\u00bb text_font_size_last_edited=\u00bbon|desktop\u00bb header_3_font_size_tablet=\u00bb14px\u00bb header_3_font_size_phone=\u00bb12px\u00bb header_3_font_size_last_edited=\u00bbon|phone\u00bb locked=\u00bboff\u00bb global_colors_info=\u00bb{}\u00bb]<\/p>\n<h3>Direcci\u00f3n<\/h3>\n<p>CL 16 NORTE # 3 NORTE &#8211; 79 Yumbo &#8211; Valle del Cauca<\/p>\n<p>[\/et_pb_text][et_pb_text _builder_version=\u00bb4.23.4&#8243; text_font=\u00bbMontserrat|800|||||||\u00bb text_font_size=\u00bb20px\u00bb text_line_height=\u00bb1.2em\u00bb link_text_color=\u00bb#000000&#8243; header_3_font=\u00bb|700||on|||||\u00bb header_3_text_color=\u00bb#687b32&#8243; header_3_font_size=\u00bb16px\u00bb header_3_letter_spacing=\u00bb2px\u00bb header_3_line_height=\u00bb1.8em\u00bb custom_padding=\u00bb10px||10px||true|false\u00bb text_font_size_tablet=\u00bb22px\u00bb text_font_size_phone=\u00bb16px\u00bb text_font_size_last_edited=\u00bbon|desktop\u00bb header_3_font_size_tablet=\u00bb14px\u00bb header_3_font_size_phone=\u00bb12px\u00bb header_3_font_size_last_edited=\u00bbon|phone\u00bb locked=\u00bboff\u00bb global_colors_info=\u00bb{}\u00bb]<\/p>\n<h3>Direcci\u00f3n Sucursal<\/h3>\n<p><span>Av. 9 Norte # 10 &#8211; 32 Piso 2 Barrio Granada, Cali &#8211; Valle del Cauca<\/span><\/p>\n<p>[\/et_pb_text][et_pb_text _builder_version=\u00bb4.23.4&#8243; text_font=\u00bbMontserrat|800|||||||\u00bb text_font_size=\u00bb20px\u00bb text_line_height=\u00bb1.2em\u00bb link_text_color=\u00bb#000000&#8243; header_3_font=\u00bb|700||on|||||\u00bb header_3_text_color=\u00bb#687b32&#8243; header_3_font_size=\u00bb16px\u00bb header_3_letter_spacing=\u00bb2px\u00bb header_3_line_height=\u00bb1.8em\u00bb custom_padding=\u00bb10px||10px||true|false\u00bb text_font_size_tablet=\u00bb22px\u00bb text_font_size_phone=\u00bb16px\u00bb text_font_size_last_edited=\u00bbon|desktop\u00bb header_3_font_size_tablet=\u00bb14px\u00bb header_3_font_size_phone=\u00bb12px\u00bb header_3_font_size_last_edited=\u00bbon|phone\u00bb locked=\u00bboff\u00bb global_colors_info=\u00bb{}\u00bb]<\/p>\n<h3>N\u00famero de contacto<\/h3>\n<p>(+57) 316 692 41 07<\/p>\n<p>(+57) 311 719 55 26<\/p>\n<p>[\/et_pb_text][et_pb_text _builder_version=\u00bb4.23.4&#8243; text_font=\u00bbMontserrat|800|||||||\u00bb text_text_color=\u00bb#1e1c1d\u00bb text_font_size=\u00bb20px\u00bb text_line_height=\u00bb1.2em\u00bb header_3_font=\u00bb|700||on|||||\u00bb header_3_text_color=\u00bb#687b32&#8243; header_3_font_size=\u00bb16px\u00bb header_3_letter_spacing=\u00bb2px\u00bb header_3_line_height=\u00bb1.8em\u00bb custom_padding=\u00bb10px||10px||true|false\u00bb text_font_size_tablet=\u00bb22px\u00bb text_font_size_phone=\u00bb16px\u00bb text_font_size_last_edited=\u00bbon|desktop\u00bb header_3_font_size_tablet=\u00bb14px\u00bb header_3_font_size_phone=\u00bb12px\u00bb header_3_font_size_last_edited=\u00bbon|phone\u00bb locked=\u00bboff\u00bb global_colors_info=\u00bb{}\u00bb]<\/p>\n<h3>Email<\/h3>\n<p>info@tropical-nursery.com<\/p>\n<p>[\/et_pb_text][\/et_pb_column][et_pb_column type=\u00bb2_5&#8243; _builder_version=\u00bb4.23.4&#8243; background_color=\u00bb#ffffff\u00bb custom_padding=\u00bb|60px|35px|60px|false|true\u00bb custom_padding_tablet=\u00bb50px|30px|50px|30px|true|true\u00bb custom_padding_phone=\u00bb30px|20px|30px|20px|true|true\u00bb custom_padding_last_edited=\u00bbon|tablet\u00bb global_colors_info=\u00bb{}\u00bb][et_pb_image src=\u00bbhttps:\/\/tropicalnursery.com.co\/wp-content\/uploads\/2024\/01\/LOGO-HOJA-TROPICAL-SIN-FONDO.png\u00bb title_text=\u00bbLOGO HOJA TROPICAL SIN FONDO\u00bb align=\u00bbcenter\u00bb _builder_version=\u00bb4.23.4&#8243; _module_preset=\u00bbdefault\u00bb width=\u00bb50%\u00bb width_tablet=\u00bb30%\u00bb width_phone=\u00bb60%\u00bb width_last_edited=\u00bbon|tablet\u00bb custom_margin_tablet=\u00bb-50px||||false|false\u00bb custom_margin_phone=\u00bb\u00bb custom_margin_last_edited=\u00bbon|phone\u00bb global_colors_info=\u00bb{}\u00bb][\/et_pb_image][et_pb_text _builder_version=\u00bb4.23.4&#8243; _module_preset=\u00bbdefault\u00bb text_font=\u00bb|700||on|||||\u00bb text_text_color=\u00bb#fedf02&#8243; text_font_size=\u00bb20px\u00bb text_orientation=\u00bbcenter\u00bb global_colors_info=\u00bb{}\u00bb]<\/p>\n<p>Navegaci\u00f3n r\u00e1pida<\/p>\n<p>[\/et_pb_text][et_pb_text _builder_version=\u00bb4.23.4&#8243; _module_preset=\u00bbdefault\u00bb text_font=\u00bb|700||on|||||\u00bb text_font_size=\u00bb16px\u00bb global_colors_info=\u00bb{}\u00bb]<\/p>\n<p><a href=\"https:\/\/tropicalnursery.com.co\/index.php\/inicio\/\">INICIO<\/a><\/p>\n<p><a href=\"https:\/\/tropicalnursery.com.co\/index.php\/acerca-de-nosotros\/\">ACERCA DE NOSOTROS<\/a><\/p>\n<p><a href=\"https:\/\/tropicalnursery.com.co\/index.php\/productos\/\">PRODUCTOS<\/a><\/p>\n<p><a href=\"https:\/\/tropicalnursery.com.co\/index.php\/nuestros-servicios\/\">NUESTROS SERVICIOS<\/a><\/p>\n<p><a href=\"https:\/\/tropicalnursery.com.co\/index.php\/contacto\/\">CONTACTO<\/a><\/p>\n<p>[\/et_pb_text][\/et_pb_column][\/et_pb_row][\/et_pb_section]<\/p>\n","protected":false},"excerpt":{"rendered":"<p>Acerca de nosotros\u00bfQUI\u00c9NES SOMOS? TROPICAL NURSERY es una destacada empresa l\u00edder en la comercializaci\u00f3n de hortalizas tropicales de alta tecnolog\u00eda. Como expertos en el campo, nos dedicamos apasionadamente a ofrecer una amplia variedad de productos hort\u00edcolas exquisitos y saludables que florecen en las diferentes zonas agroecol\u00f3gicas de Colombia. Nuestra empresa cuenta con un equipo de [&hellip;]<\/p>\n","protected":false},"author":1,"featured_media":0,"parent":0,"menu_order":0,"comment_status":"closed","ping_status":"closed","template":"","meta":{"_et_pb_use_builder":"on","_et_pb_old_content":"<!-- wp:divi\/placeholder \/-->","_et_gb_content_width":"","footnotes":"","_joinchat":[]},"_links":{"self":[{"href":"https:\/\/tropicalnursery.com.co\/index.php\/wp-json\/wp\/v2\/pages\/11"}],"collection":[{"href":"https:\/\/tropicalnursery.com.co\/index.php\/wp-json\/wp\/v2\/pages"}],"about":[{"href":"https:\/\/tropicalnursery.com.co\/index.php\/wp-json\/wp\/v2\/types\/page"}],"author":[{"embeddable":true,"href":"https:\/\/tropicalnursery.com.co\/index.php\/wp-json\/wp\/v2\/users\/1"}],"replies":[{"embeddable":true,"href":"https:\/\/tropicalnursery.com.co\/index.php\/wp-json\/wp\/v2\/comments?post=11"}],"version-history":[{"count":15,"href":"https:\/\/tropicalnursery.com.co\/index.php\/wp-json\/wp\/v2\/pages\/11\/revisions"}],"predecessor-version":[{"id":586,"href":"https:\/\/tropicalnursery.com.co\/index.php\/wp-json\/wp\/v2\/pages\/11\/revisions\/586"}],"wp:attachment":[{"href":"https:\/\/tropicalnursery.com.co\/index.php\/wp-json\/wp\/v2\/media?parent=11"}],"curies":[{"name":"wp","href":"https:\/\/api.w.org\/{rel}","templated":true}]}}