{"id":368,"date":"2024-01-09T17:09:57","date_gmt":"2024-01-09T22:09:57","guid":{"rendered":"https:\/\/tropicalnursery.com.co\/?page_id=368"},"modified":"2024-01-12T13:22:46","modified_gmt":"2024-01-12T18:22:46","slug":"pimentones","status":"publish","type":"page","link":"https:\/\/tropicalnursery.com.co\/index.php\/pimentones\/","title":{"rendered":"Pimentones"},"content":{"rendered":"<p>[et_pb_section fb_built=\u00bb1&#8243; specialty=\u00bbon\u00bb _builder_version=\u00bb4.23.4&#8243; _module_preset=\u00bbdefault\u00bb background_color=\u00bbrgba(243,243,241,0.86)\u00bb background_image=\u00bbhttps:\/\/tropicalnursery.com.co\/wp-content\/uploads\/2024\/01\/Fondo-Web-02.png\u00bb background_blend=\u00bbscreen\u00bb custom_padding=\u00bb40px||3px|||\u00bb da_disable_devices=\u00bboff|off|off\u00bb global_colors_info=\u00bb{}\u00bb da_is_popup=\u00bboff\u00bb da_exit_intent=\u00bboff\u00bb da_has_close=\u00bbon\u00bb da_alt_close=\u00bboff\u00bb da_dark_close=\u00bboff\u00bb da_not_modal=\u00bbon\u00bb da_is_singular=\u00bboff\u00bb da_with_loader=\u00bboff\u00bb da_has_shadow=\u00bbon\u00bb][et_pb_column type=\u00bb1_4&#8243; _builder_version=\u00bb4.16&#8243; custom_padding=\u00bb|||\u00bb global_colors_info=\u00bb{}\u00bb custom_padding__hover=\u00bb|||\u00bb][et_pb_sidebar _builder_version=\u00bb4.23.4&#8243; _module_preset=\u00bbdefault\u00bb global_colors_info=\u00bb{}\u00bb][\/et_pb_sidebar][et_pb_filterable_portfolio include_categories=\u00bb4&#8243; show_categories=\u00bboff\u00bb show_pagination=\u00bboff\u00bb _builder_version=\u00bb4.23.4&#8243; _module_preset=\u00bbdefault\u00bb title_font=\u00bb|700||on|||||\u00bb title_text_align=\u00bbcenter\u00bb title_text_color=\u00bb#1e1c1d\u00bb title_font_size=\u00bb15px\u00bb filter_font=\u00bb|700||on|||||\u00bb custom_margin=\u00bb|||-20%|false|false\u00bb custom_margin_tablet=\u00bb|||-20%|false|false\u00bb custom_margin_phone=\u00bb|||-20%|false|false\u00bb custom_margin_last_edited=\u00bbon|desktop\u00bb custom_padding=\u00bb|30px|||false|false\u00bb custom_padding_tablet=\u00bb|30px|||false|false\u00bb custom_padding_phone=\u00bb|30px|||false|false\u00bb custom_padding_last_edited=\u00bbon|desktop\u00bb hover_enabled=\u00bb0&#8243; border_radii_image=\u00bbon|1000px|1000px|1000px|1000px\u00bb global_colors_info=\u00bb{}\u00bb fullwidth=\u00bboff\u00bb disabled_on=\u00bbon|on|off\u00bb sticky_enabled=\u00bb0&#8243;][\/et_pb_filterable_portfolio][\/et_pb_column][et_pb_column type=\u00bb3_4&#8243; specialty_columns=\u00bb3&#8243; _builder_version=\u00bb4.16&#8243; custom_padding=\u00bb|||\u00bb global_colors_info=\u00bb{}\u00bb custom_padding__hover=\u00bb|||\u00bb][et_pb_row_inner _builder_version=\u00bb4.23.4&#8243; _module_preset=\u00bbdefault\u00bb global_colors_info=\u00bb{}\u00bb][et_pb_column_inner saved_specialty_column_type=\u00bb3_4&#8243; _builder_version=\u00bb4.23.4&#8243; _module_preset=\u00bbdefault\u00bb global_colors_info=\u00bb{}\u00bb][et_pb_portfolio fullwidth=\u00bboff\u00bb posts_number=\u00bb100&#8243; include_categories=\u00bb28,30,4,25&#8243; hover_overlay_color=\u00bbrgba(255,255,255,0.3)\u00bb hover_icon=\u00bb&#xf4d8;||fa||900&#8243; _builder_version=\u00bb4.23.4&#8243; _module_preset=\u00bbdefault\u00bb title_font=\u00bb|700||on|||||\u00bb module_alignment=\u00bbcenter\u00bb border_width_left_image=\u00bb6px\u00bb border_color_left_image=\u00bb#687b32&#8243; box_shadow_style_image=\u00bbpreset1&#8243; box_shadow_color_image=\u00bbRGBA(255,255,255,0)\u00bb box_shadow_color_image_last_edited=\u00bboff|desktop\u00bb global_colors_info=\u00bb{}\u00bb box_shadow_color_image__hover_enabled=\u00bbon|hover\u00bb box_shadow_color_image__hover=\u00bb#493e2a\u00bb][\/et_pb_portfolio][\/et_pb_column_inner][\/et_pb_row_inner][\/et_pb_column][\/et_pb_section][et_pb_section fb_built=\u00bb1&#8243; admin_label=\u00bbFooter\u00bb _builder_version=\u00bb4.23.4&#8243; background_enable_color=\u00bboff\u00bb use_background_color_gradient=\u00bbon\u00bb background_color_gradient_direction=\u00bb42deg\u00bb background_color_gradient_stops=\u00bb#fedf02 30%|rgba(255,255,255,0) 30%\u00bb background_image=\u00bbhttps:\/\/tropicalnursery.com.co\/wp-content\/uploads\/2024\/01\/verduras-saludables-mesa-madera-01.png\u00bb background_blend=\u00bbscreen\u00bb custom_margin=\u00bb||||false|false\u00bb custom_padding=\u00bb0px||0px||true|false\u00bb da_disable_devices=\u00bboff|off|off\u00bb global_module=\u00bb237&#8243; locked=\u00bboff\u00bb global_colors_info=\u00bb{}\u00bb da_is_popup=\u00bboff\u00bb da_exit_intent=\u00bboff\u00bb da_has_close=\u00bbon\u00bb da_alt_close=\u00bboff\u00bb da_dark_close=\u00bboff\u00bb da_not_modal=\u00bbon\u00bb da_is_singular=\u00bboff\u00bb da_with_loader=\u00bboff\u00bb da_has_shadow=\u00bbon\u00bb][et_pb_row column_structure=\u00bb3_5,2_5&#8243; _builder_version=\u00bb4.23.4&#8243; global_colors_info=\u00bb{}\u00bb][et_pb_column type=\u00bb3_5&#8243; _builder_version=\u00bb4.23.4&#8243; background_color=\u00bb#ffffff\u00bb custom_padding=\u00bb0px|60px|35px|60px|false|true\u00bb custom_padding_tablet=\u00bb50px|30px|50px|30px|true|true\u00bb custom_padding_phone=\u00bb30px|20px|30px|20px|true|true\u00bb custom_padding_last_edited=\u00bbon|tablet\u00bb global_colors_info=\u00bb{}\u00bb][et_pb_image src=\u00bbhttps:\/\/tropicalnursery.com.co\/wp-content\/uploads\/2024\/01\/LOGO-TROPICAL-NURSERY-HORIZONTAL-FONDO-BLANCO.png\u00bb title_text=\u00bbLOGO TROPICAL NURSERY HORIZONTAL FONDO BLANCO\u00bb align=\u00bbcenter\u00bb _builder_version=\u00bb4.23.4&#8243; _module_preset=\u00bbdefault\u00bb global_colors_info=\u00bb{}\u00bb][\/et_pb_image][et_pb_text _builder_version=\u00bb4.23.4&#8243; text_font=\u00bbMontserrat|800|||||||\u00bb text_font_size=\u00bb20px\u00bb text_line_height=\u00bb1.2em\u00bb link_text_color=\u00bb#000000&#8243; header_3_font=\u00bb|700||on|||||\u00bb header_3_text_color=\u00bb#687b32&#8243; header_3_font_size=\u00bb16px\u00bb header_3_letter_spacing=\u00bb2px\u00bb header_3_line_height=\u00bb1.8em\u00bb custom_padding=\u00bb10px||10px||true|false\u00bb text_font_size_tablet=\u00bb22px\u00bb text_font_size_phone=\u00bb16px\u00bb text_font_size_last_edited=\u00bbon|desktop\u00bb header_3_font_size_tablet=\u00bb14px\u00bb header_3_font_size_phone=\u00bb12px\u00bb header_3_font_size_last_edited=\u00bbon|phone\u00bb locked=\u00bboff\u00bb global_colors_info=\u00bb{}\u00bb]<\/p>\n<h3>Direcci\u00f3n<\/h3>\n<p>CL 16 NORTE # 3 NORTE &#8211; 79 Yumbo &#8211; Valle del Cauca<\/p>\n<p>[\/et_pb_text][et_pb_text _builder_version=\u00bb4.23.4&#8243; text_font=\u00bbMontserrat|800|||||||\u00bb text_font_size=\u00bb20px\u00bb text_line_height=\u00bb1.2em\u00bb link_text_color=\u00bb#000000&#8243; header_3_font=\u00bb|700||on|||||\u00bb header_3_text_color=\u00bb#687b32&#8243; header_3_font_size=\u00bb16px\u00bb header_3_letter_spacing=\u00bb2px\u00bb header_3_line_height=\u00bb1.8em\u00bb custom_padding=\u00bb10px||10px||true|false\u00bb text_font_size_tablet=\u00bb22px\u00bb text_font_size_phone=\u00bb16px\u00bb text_font_size_last_edited=\u00bbon|desktop\u00bb header_3_font_size_tablet=\u00bb14px\u00bb header_3_font_size_phone=\u00bb12px\u00bb header_3_font_size_last_edited=\u00bbon|phone\u00bb locked=\u00bboff\u00bb global_colors_info=\u00bb{}\u00bb]<\/p>\n<h3>Direcci\u00f3n Sucursal<\/h3>\n<p><span>Av. 9 Norte # 10 &#8211; 32 Piso 2 Barrio Granada, Cali &#8211; Valle del Cauca<\/span><\/p>\n<p>[\/et_pb_text][et_pb_text _builder_version=\u00bb4.23.4&#8243; text_font=\u00bbMontserrat|800|||||||\u00bb text_font_size=\u00bb20px\u00bb text_line_height=\u00bb1.2em\u00bb link_text_color=\u00bb#000000&#8243; header_3_font=\u00bb|700||on|||||\u00bb header_3_text_color=\u00bb#687b32&#8243; header_3_font_size=\u00bb16px\u00bb header_3_letter_spacing=\u00bb2px\u00bb header_3_line_height=\u00bb1.8em\u00bb custom_padding=\u00bb10px||10px||true|false\u00bb text_font_size_tablet=\u00bb22px\u00bb text_font_size_phone=\u00bb16px\u00bb text_font_size_last_edited=\u00bbon|desktop\u00bb header_3_font_size_tablet=\u00bb14px\u00bb header_3_font_size_phone=\u00bb12px\u00bb header_3_font_size_last_edited=\u00bbon|phone\u00bb locked=\u00bboff\u00bb global_colors_info=\u00bb{}\u00bb]<\/p>\n<h3>N\u00famero de contacto<\/h3>\n<p>(+57) 316 692 41 07<\/p>\n<p>(+57) 311 719 55 26<\/p>\n<p>[\/et_pb_text][et_pb_text _builder_version=\u00bb4.23.4&#8243; text_font=\u00bbMontserrat|800|||||||\u00bb text_text_color=\u00bb#1e1c1d\u00bb text_font_size=\u00bb20px\u00bb text_line_height=\u00bb1.2em\u00bb header_3_font=\u00bb|700||on|||||\u00bb header_3_text_color=\u00bb#687b32&#8243; header_3_font_size=\u00bb16px\u00bb header_3_letter_spacing=\u00bb2px\u00bb header_3_line_height=\u00bb1.8em\u00bb custom_padding=\u00bb10px||10px||true|false\u00bb text_font_size_tablet=\u00bb22px\u00bb text_font_size_phone=\u00bb16px\u00bb text_font_size_last_edited=\u00bbon|desktop\u00bb header_3_font_size_tablet=\u00bb14px\u00bb header_3_font_size_phone=\u00bb12px\u00bb header_3_font_size_last_edited=\u00bbon|phone\u00bb locked=\u00bboff\u00bb global_colors_info=\u00bb{}\u00bb]<\/p>\n<h3>Email<\/h3>\n<p>info@tropical-nursery.com<\/p>\n<p>[\/et_pb_text][\/et_pb_column][et_pb_column type=\u00bb2_5&#8243; _builder_version=\u00bb4.23.4&#8243; background_color=\u00bb#ffffff\u00bb custom_padding=\u00bb|60px|35px|60px|false|true\u00bb custom_padding_tablet=\u00bb50px|30px|50px|30px|true|true\u00bb custom_padding_phone=\u00bb30px|20px|30px|20px|true|true\u00bb custom_padding_last_edited=\u00bbon|tablet\u00bb global_colors_info=\u00bb{}\u00bb][et_pb_image src=\u00bbhttps:\/\/tropicalnursery.com.co\/wp-content\/uploads\/2024\/01\/LOGO-HOJA-TROPICAL-SIN-FONDO.png\u00bb title_text=\u00bbLOGO HOJA TROPICAL SIN FONDO\u00bb align=\u00bbcenter\u00bb _builder_version=\u00bb4.23.4&#8243; _module_preset=\u00bbdefault\u00bb width=\u00bb50%\u00bb width_tablet=\u00bb30%\u00bb width_phone=\u00bb60%\u00bb width_last_edited=\u00bbon|tablet\u00bb custom_margin_tablet=\u00bb-50px||||false|false\u00bb custom_margin_phone=\u00bb\u00bb custom_margin_last_edited=\u00bbon|phone\u00bb global_colors_info=\u00bb{}\u00bb][\/et_pb_image][et_pb_text _builder_version=\u00bb4.23.4&#8243; _module_preset=\u00bbdefault\u00bb text_font=\u00bb|700||on|||||\u00bb text_text_color=\u00bb#fedf02&#8243; text_font_size=\u00bb20px\u00bb text_orientation=\u00bbcenter\u00bb global_colors_info=\u00bb{}\u00bb]<\/p>\n<p>Navegaci\u00f3n r\u00e1pida<\/p>\n<p>[\/et_pb_text][et_pb_text _builder_version=\u00bb4.23.4&#8243; _module_preset=\u00bbdefault\u00bb text_font=\u00bb|700||on|||||\u00bb text_font_size=\u00bb16px\u00bb global_colors_info=\u00bb{}\u00bb]<\/p>\n<p><a href=\"https:\/\/tropicalnursery.com.co\/index.php\/inicio\/\">INICIO<\/a><\/p>\n<p><a href=\"https:\/\/tropicalnursery.com.co\/index.php\/acerca-de-nosotros\/\">ACERCA DE NOSOTROS<\/a><\/p>\n<p><a href=\"https:\/\/tropicalnursery.com.co\/index.php\/productos\/\">PRODUCTOS<\/a><\/p>\n<p><a href=\"https:\/\/tropicalnursery.com.co\/index.php\/nuestros-servicios\/\">NUESTROS SERVICIOS<\/a><\/p>\n<p><a href=\"https:\/\/tropicalnursery.com.co\/index.php\/contacto\/\">CONTACTO<\/a><\/p>\n<p>[\/et_pb_text][\/et_pb_column][\/et_pb_row][\/et_pb_section]<\/p>\n","protected":false},"excerpt":{"rendered":"<p>Direcci\u00f3n CL 16 NORTE # 3 NORTE &#8211; 79 Yumbo &#8211; Valle del CaucaDirecci\u00f3n Sucursal Av. 9 Norte # 10 &#8211; 32 Piso 2 Barrio Granada, Cali &#8211; Valle del CaucaN\u00famero de contacto (+57) 316 692 41 07 (+57) 311 719 55 26Email info@tropical-nursery.comNavegaci\u00f3n r\u00e1pidaINICIO ACERCA DE NOSOTROS PRODUCTOS NUESTROS SERVICIOS CONTACTO<\/p>\n","protected":false},"author":1,"featured_media":0,"parent":0,"menu_order":0,"comment_status":"closed","ping_status":"closed","template":"","meta":{"_et_pb_use_builder":"on","_et_pb_old_content":"","_et_gb_content_width":"","footnotes":"","_joinchat":[]},"_links":{"self":[{"href":"https:\/\/tropicalnursery.com.co\/index.php\/wp-json\/wp\/v2\/pages\/368"}],"collection":[{"href":"https:\/\/tropicalnursery.com.co\/index.php\/wp-json\/wp\/v2\/pages"}],"about":[{"href":"https:\/\/tropicalnursery.com.co\/index.php\/wp-json\/wp\/v2\/types\/page"}],"author":[{"embeddable":true,"href":"https:\/\/tropicalnursery.com.co\/index.php\/wp-json\/wp\/v2\/users\/1"}],"replies":[{"embeddable":true,"href":"https:\/\/tropicalnursery.com.co\/index.php\/wp-json\/wp\/v2\/comments?post=368"}],"version-history":[{"count":5,"href":"https:\/\/tropicalnursery.com.co\/index.php\/wp-json\/wp\/v2\/pages\/368\/revisions"}],"predecessor-version":[{"id":564,"href":"https:\/\/tropicalnursery.com.co\/index.php\/wp-json\/wp\/v2\/pages\/368\/revisions\/564"}],"wp:attachment":[{"href":"https:\/\/tropicalnursery.com.co\/index.php\/wp-json\/wp\/v2\/media?parent=368"}],"curies":[{"name":"wp","href":"https:\/\/api.w.org\/{rel}","templated":true}]}}